{"id":9862,"date":"2025-07-25T21:06:17","date_gmt":"2025-07-25T21:06:17","guid":{"rendered":"https:\/\/www.academiahistoriamilitar.cl\/academia\/?post_type=product&#038;p=9862"},"modified":"2026-03-11T13:19:26","modified_gmt":"2026-03-11T13:19:26","slug":"historia-del-ejercito-de-chile-tomo-iv-camino-al-bicentenario","status":"publish","type":"product","link":"https:\/\/www.academiahistoriamilitar.cl\/academia\/producto\/historia-del-ejercito-de-chile-tomo-iv-camino-al-bicentenario\/","title":{"rendered":"Historia del Ej\u00e9rcito de Chile, Tomo IV, Camino al Bicentenario"},"content":{"rendered":"<p><strong>Autor:<\/strong> Academia de Historia Militar.<br \/>\n<strong>Formato:<\/strong> Libro, Tapa blanda<br \/>\n<strong>722 p\u00e1ginas<\/strong><\/p>\n<p>En 1958, los efectos de la Guerra Fr\u00eda se dejaban sentir en toda su intensidad en Chile y la influencia pol\u00edtico-militar de los Estados Unidos de Am\u00e9rica se intensific\u00f3. El Ej\u00e9rcito no qued\u00f3 ajeno a los vaivenes de la pol\u00edtica interna y se vio involucrado en el proceso que progresivamente fue conduciendo al deterioro de la convivencia pol\u00edtica y social del pa\u00eds. Las complejidades de ese per\u00edodo de exacerbada discordia alcanzaron su punto m\u00e1s extremo el 11 de septiembre de 1973 con la intervenci\u00f3n militar de las Fuerzas Armadas.<\/p>\n<p>Las vicisitudes y el impacto que en la instituci\u00f3n tuvo el Gobierno Militar que ese a\u00f1o se inici\u00f3 y extendi\u00f3 hasta 1990, son rese\u00f1adas desde la perspectiva de la Academia de Historia Militar, haciendo especial referencia a los desaf\u00edos que \u2014en un contexto de debilidad estrat\u00e9gica\u2014 implicaron las crisis vecinales, con el Per\u00fa primero en 1973 y con Argentina despu\u00e9s, en 1978.<\/p>\n<p>M\u00e1s adelante, las particularidades de la compleja y singular transici\u00f3n pol\u00edtica chilena iniciada en 1990, son abordadas destacando con nitidez la voluntad institucional de contribuir a la normalidad pol\u00edtica, participando en las diferentes iniciativas tendientes a reconstruir las confianzas y la cohesi\u00f3n social, a objeto de alcanzar una verdadera reconciliaci\u00f3n nacional. Como se ver\u00e1, este camino no estuvo exento de avances y retrocesos, dolores y frustraciones.<\/p>\n<p>Finalmente, en este tomo se describe el proceso que \u2014gracias al respaldo de las autoridades pol\u00edticas nacionales\u2014 condujo a la transformaci\u00f3n y modernizaci\u00f3n institucional que defini\u00f3 las bases de su organizaci\u00f3n, estructura y equipamiento, para enfrentar los desaf\u00edos del siglo XXI.<\/p>\n<p>Esta obra no pretende ser una historia oficial. La investigaci\u00f3n que la Academia de Historia Militar pone a disposici\u00f3n de los lectores solo busca reflejar c\u00f3mo estos hechos y situaciones fueron vistos y percibidos con un prisma hist\u00f3rico y militar.<\/p>\n","protected":false},"excerpt":{"rendered":"<p>Autor: Academia de Historia Militar. Formato: Libro, Tapa blanda 722 p\u00e1ginas En 1958,<span class=\"excerpt-hellip\"> [\u2026]<\/span><\/p>\n","protected":false},"featured_media":9915,"template":"","meta":[],"product_brand":[],"product_cat":[71],"product_tag":[],"class_list":{"0":"post-9862","1":"product","2":"type-product","3":"status-publish","4":"has-post-thumbnail","6":"product_cat-libros","8":"first","9":"instock","10":"shipping-taxable","11":"purchasable","12":"product-type-simple"},"_links":{"self":[{"href":"https:\/\/www.academiahistoriamilitar.cl\/academia\/wp-json\/wp\/v2\/product\/9862","targetHints":{"allow":["GET"]}}],"collection":[{"href":"https:\/\/www.academiahistoriamilitar.cl\/academia\/wp-json\/wp\/v2\/product"}],"about":[{"href":"https:\/\/www.academiahistoriamilitar.cl\/academia\/wp-json\/wp\/v2\/types\/product"}],"wp:featuredmedia":[{"embeddable":true,"href":"https:\/\/www.academiahistoriamilitar.cl\/academia\/wp-json\/wp\/v2\/media\/9915"}],"wp:attachment":[{"href":"https:\/\/www.academiahistoriamilitar.cl\/academia\/wp-json\/wp\/v2\/media?parent=9862"}],"wp:term":[{"taxonomy":"product_brand","embeddable":true,"href":"https:\/\/www.academiahistoriamilitar.cl\/academia\/wp-json\/wp\/v2\/product_brand?post=9862"},{"taxonomy":"product_cat","embeddable":true,"href":"https:\/\/www.academiahistoriamilitar.cl\/academia\/wp-json\/wp\/v2\/product_cat?post=9862"},{"taxonomy":"product_tag","embeddable":true,"href":"https:\/\/www.academiahistoriamilitar.cl\/academia\/wp-json\/wp\/v2\/product_tag?post=9862"}],"curies":[{"name":"wp","href":"https:\/\/api.w.org\/{rel}","templated":true}]}}