{"id":9853,"date":"2025-07-23T02:18:52","date_gmt":"2025-07-23T02:18:52","guid":{"rendered":"https:\/\/www.academiahistoriamilitar.cl\/academia\/?post_type=product&#038;p=9853"},"modified":"2026-03-11T13:23:01","modified_gmt":"2026-03-11T13:23:01","slug":"para-que-nunca-mas-conversaciones-con-juan-emilio-cheyre","status":"publish","type":"product","link":"https:\/\/www.academiahistoriamilitar.cl\/academia\/producto\/para-que-nunca-mas-conversaciones-con-juan-emilio-cheyre\/","title":{"rendered":"Para que nunca m\u00e1s. Conversaciones con Juan Emilio Cheyre"},"content":{"rendered":"<p><strong>Autor:<\/strong> Alejandro San Francisco Reyes<\/p>\n<p><strong>Editorial:<\/strong> Planeta<\/p>\n<p><strong>Dimensiones:<\/strong> Alto 23 cm, Ancho 15 cm, Fondo 2,5 cm.<\/p>\n<p><strong>Formato:<\/strong> Libro, Tapa blanda<br \/>\n<strong>488 p\u00e1ginas<\/strong><\/p>\n<p>En estas conversaciones con el historiador Alejandro San Francisco, el general Cheyre recorre en detalle su trayectoria de vida y los acontecimientos que marcaron al Ej\u00e9rcito en la segunda mitad del siglo XX, una \u00e9poca excepcional que dej\u00f3 huella en la sociedad chilena. Su testimonio \u2014narrado con franqueza y sin ambages\u2014 es, sin duda, de gran valor e inter\u00e9s hist\u00f3rico, y permite comprender en detalle el rol que jug\u00f3 el Ej\u00e9rcito en la transici\u00f3n democr\u00e1tica, as\u00ed como otros temas m\u00e1s amplios, de car\u00e1cter institucional, hist\u00f3rico, pol\u00edtico y humano.<\/p>\n","protected":false},"excerpt":{"rendered":"<p>Autor: Alejandro San Francisco Reyes Editorial: Planeta Dimensiones: Alto 23 cm, Ancho 15<span class=\"excerpt-hellip\"> [\u2026]<\/span><\/p>\n","protected":false},"featured_media":9852,"template":"","meta":[],"product_brand":[],"product_cat":[71],"product_tag":[],"class_list":{"0":"post-9853","1":"product","2":"type-product","3":"status-publish","4":"has-post-thumbnail","6":"product_cat-libros","8":"first","9":"instock","10":"shipping-taxable","11":"purchasable","12":"product-type-simple"},"_links":{"self":[{"href":"https:\/\/www.academiahistoriamilitar.cl\/academia\/wp-json\/wp\/v2\/product\/9853","targetHints":{"allow":["GET"]}}],"collection":[{"href":"https:\/\/www.academiahistoriamilitar.cl\/academia\/wp-json\/wp\/v2\/product"}],"about":[{"href":"https:\/\/www.academiahistoriamilitar.cl\/academia\/wp-json\/wp\/v2\/types\/product"}],"wp:featuredmedia":[{"embeddable":true,"href":"https:\/\/www.academiahistoriamilitar.cl\/academia\/wp-json\/wp\/v2\/media\/9852"}],"wp:attachment":[{"href":"https:\/\/www.academiahistoriamilitar.cl\/academia\/wp-json\/wp\/v2\/media?parent=9853"}],"wp:term":[{"taxonomy":"product_brand","embeddable":true,"href":"https:\/\/www.academiahistoriamilitar.cl\/academia\/wp-json\/wp\/v2\/product_brand?post=9853"},{"taxonomy":"product_cat","embeddable":true,"href":"https:\/\/www.academiahistoriamilitar.cl\/academia\/wp-json\/wp\/v2\/product_cat?post=9853"},{"taxonomy":"product_tag","embeddable":true,"href":"https:\/\/www.academiahistoriamilitar.cl\/academia\/wp-json\/wp\/v2\/product_tag?post=9853"}],"curies":[{"name":"wp","href":"https:\/\/api.w.org\/{rel}","templated":true}]}}