{"id":9487,"date":"2024-08-19T21:35:00","date_gmt":"2024-08-19T21:35:00","guid":{"rendered":"https:\/\/www.academiahistoriamilitar.cl\/academia\/?post_type=product&#038;p=9487"},"modified":"2026-03-11T13:01:02","modified_gmt":"2026-03-11T13:01:02","slug":"cochrane-el-almirante-del-diablo","status":"publish","type":"product","link":"https:\/\/www.academiahistoriamilitar.cl\/academia\/producto\/cochrane-el-almirante-del-diablo\/","title":{"rendered":"Cochrane: El Almirante del Diablo"},"content":{"rendered":"<p><strong>Autor:<\/strong> Donald Thomas<br \/>\n<strong>Traductor:<\/strong> Carlos Go\u00f1i Garrido<br \/>\n<strong>Formato:<\/strong> libro, Tapa blanda<br \/>\n<strong>311 p\u00e1ginas<\/strong><\/p>\n<p>Teniendo en consideraci\u00f3n que en el a\u00f1o 2020 se conmemor\u00f3 el bicentenario del zarpe de la Expedici\u00f3n Libertadora al Per\u00fa, la Academia de Historia Militar consider\u00f3 editar una serie de libros relativos a dicho aniversario, siendo el primero de ellos una de las mejores biograf\u00edas del vicealmirante Thomas Alexander Cochrane, escrita por Donald Thomas, que fue originalmente publicada en Inglaterra con el nombre de \u201cCOCHRANE. The Britannia\u2019s Sea Wolf\u201d (1978 y con posteriores reediciones en 2001 y 2002). Para ello, la Academia adquiri\u00f3 los derechos para su publicaci\u00f3n en espa\u00f1ol, bajo el t\u00edtulo \u201cCOCHRANE. El almirante del diablo\u201d, a objeto de difundir la vida y acciones de este marino escoc\u00e9s que en forma tan importante influy\u00f3 en los procesos de la independencia americana y chilena, y en la fundaci\u00f3n y desarrollo de la Armada de Chile.<\/p>\n","protected":false},"excerpt":{"rendered":"<p>Autor: Donald Thomas Traductor: Carlos Go\u00f1i Garrido Formato: libro, Tapa blanda 311 p\u00e1ginas<span class=\"excerpt-hellip\"> [\u2026]<\/span><\/p>\n","protected":false},"featured_media":9569,"template":"","meta":[],"product_brand":[],"product_cat":[71],"product_tag":[],"class_list":{"0":"post-9487","1":"product","2":"type-product","3":"status-publish","4":"has-post-thumbnail","6":"product_cat-libros","8":"first","9":"instock","10":"shipping-taxable","11":"purchasable","12":"product-type-simple"},"_links":{"self":[{"href":"https:\/\/www.academiahistoriamilitar.cl\/academia\/wp-json\/wp\/v2\/product\/9487","targetHints":{"allow":["GET"]}}],"collection":[{"href":"https:\/\/www.academiahistoriamilitar.cl\/academia\/wp-json\/wp\/v2\/product"}],"about":[{"href":"https:\/\/www.academiahistoriamilitar.cl\/academia\/wp-json\/wp\/v2\/types\/product"}],"wp:featuredmedia":[{"embeddable":true,"href":"https:\/\/www.academiahistoriamilitar.cl\/academia\/wp-json\/wp\/v2\/media\/9569"}],"wp:attachment":[{"href":"https:\/\/www.academiahistoriamilitar.cl\/academia\/wp-json\/wp\/v2\/media?parent=9487"}],"wp:term":[{"taxonomy":"product_brand","embeddable":true,"href":"https:\/\/www.academiahistoriamilitar.cl\/academia\/wp-json\/wp\/v2\/product_brand?post=9487"},{"taxonomy":"product_cat","embeddable":true,"href":"https:\/\/www.academiahistoriamilitar.cl\/academia\/wp-json\/wp\/v2\/product_cat?post=9487"},{"taxonomy":"product_tag","embeddable":true,"href":"https:\/\/www.academiahistoriamilitar.cl\/academia\/wp-json\/wp\/v2\/product_tag?post=9487"}],"curies":[{"name":"wp","href":"https:\/\/api.w.org\/{rel}","templated":true}]}}