{"id":9477,"date":"2024-08-20T21:09:43","date_gmt":"2024-08-20T21:09:43","guid":{"rendered":"https:\/\/www.academiahistoriamilitar.cl\/academia\/?post_type=product&#038;p=9477"},"modified":"2026-03-11T13:28:14","modified_gmt":"2026-03-11T13:28:14","slug":"una-introduccion-a-la-historia-militar","status":"publish","type":"product","link":"https:\/\/www.academiahistoriamilitar.cl\/academia\/producto\/una-introduccion-a-la-historia-militar\/","title":{"rendered":"Una Introducci\u00f3n a la Historia Militar"},"content":{"rendered":"<p><strong>Autor:<\/strong> Roberto Arancibia Clavel.<br \/>\n<strong>Formato:<\/strong> Libro, Tapa blanda<br \/>\n<strong>175 p\u00e1ginas<\/strong><\/p>\n<p>Despu\u00e9s de vivir en el letargo durante algunas d\u00e9cadas, en los \u00faltimos tiempos ha renacido el inter\u00e9s por la historia de los ej\u00e9rcitos, de las flotas, de las batallas y campa\u00f1as, y de las armas que se emplearon en empresas militares.<\/p>\n<p>A ra\u00edz de este resurgimiento del inter\u00e9s por la historia castrense, el trabajo del general Roberto Arancibia se presenta como una colaboraci\u00f3n concreta a quienes se adentran en el campo de la historiograf\u00eda y de la investigaci\u00f3n hist\u00f3rica, particularmente en aquella dedicada al \u00e1mbito militar.<\/p>\n","protected":false},"excerpt":{"rendered":"<p>Autor: Roberto Arancibia Clavel. Formato: Libro, Tapa blanda 175 p\u00e1ginas Despu\u00e9s de vivir<span class=\"excerpt-hellip\"> [\u2026]<\/span><\/p>\n","protected":false},"featured_media":9554,"template":"","meta":[],"product_brand":[],"product_cat":[71],"product_tag":[],"class_list":{"0":"post-9477","1":"product","2":"type-product","3":"status-publish","4":"has-post-thumbnail","6":"product_cat-libros","8":"first","9":"instock","10":"shipping-taxable","11":"purchasable","12":"product-type-simple"},"_links":{"self":[{"href":"https:\/\/www.academiahistoriamilitar.cl\/academia\/wp-json\/wp\/v2\/product\/9477","targetHints":{"allow":["GET"]}}],"collection":[{"href":"https:\/\/www.academiahistoriamilitar.cl\/academia\/wp-json\/wp\/v2\/product"}],"about":[{"href":"https:\/\/www.academiahistoriamilitar.cl\/academia\/wp-json\/wp\/v2\/types\/product"}],"wp:featuredmedia":[{"embeddable":true,"href":"https:\/\/www.academiahistoriamilitar.cl\/academia\/wp-json\/wp\/v2\/media\/9554"}],"wp:attachment":[{"href":"https:\/\/www.academiahistoriamilitar.cl\/academia\/wp-json\/wp\/v2\/media?parent=9477"}],"wp:term":[{"taxonomy":"product_brand","embeddable":true,"href":"https:\/\/www.academiahistoriamilitar.cl\/academia\/wp-json\/wp\/v2\/product_brand?post=9477"},{"taxonomy":"product_cat","embeddable":true,"href":"https:\/\/www.academiahistoriamilitar.cl\/academia\/wp-json\/wp\/v2\/product_cat?post=9477"},{"taxonomy":"product_tag","embeddable":true,"href":"https:\/\/www.academiahistoriamilitar.cl\/academia\/wp-json\/wp\/v2\/product_tag?post=9477"}],"curies":[{"name":"wp","href":"https:\/\/api.w.org\/{rel}","templated":true}]}}