{"id":9475,"date":"2024-08-20T21:00:32","date_gmt":"2024-08-20T21:00:32","guid":{"rendered":"https:\/\/www.academiahistoriamilitar.cl\/academia\/?post_type=product&#038;p=9475"},"modified":"2026-03-11T13:34:26","modified_gmt":"2026-03-11T13:34:26","slug":"maipo-la-batalla-decisiva","status":"publish","type":"product","link":"https:\/\/www.academiahistoriamilitar.cl\/academia\/producto\/maipo-la-batalla-decisiva\/","title":{"rendered":"Maipo: La Batalla Decisiva"},"content":{"rendered":"<p><strong>Editor:<\/strong> Academia de Historia Militar.<br \/>\n<strong>Formato:<\/strong> Cuadernillo, Tapa blanda<br \/>\n<strong>60 p\u00e1ginas<\/strong><\/p>\n<p>Cuaderno est\u00e1 dedicado a la batalla de Maipo, o de Maip\u00fa, hecho de armas que consolid\u00f3 la libertad de Chile, y que tuvo decisiva influencia en la independencia americana.<\/p>\n<p>Hoy esta batalla nos parece muy lejana y probablemente la sentimos muy ajena a nuestras vidas. Pero ella signific\u00f3 mucho para Chile, pues en ella murieron cerca de un millar de chilenos, la mayor\u00eda de ellos luchando en el bando independentista, pero tambi\u00e9n hubo muchos que dieron sus vidas en defensa de la monarqu\u00eda espa\u00f1ola. A m\u00e1s doscientos a\u00f1os de distancia en el tiempo, a todos ellos rendimos nuestro respetuoso homenaje.<\/p>\n","protected":false},"excerpt":{"rendered":"<p>Editor: Academia de Historia Militar. Formato: Cuadernillo, Tapa blanda 60 p\u00e1ginas Cuaderno est\u00e1<span class=\"excerpt-hellip\"> [\u2026]<\/span><\/p>\n","protected":false},"featured_media":9476,"template":"","meta":[],"product_brand":[],"product_cat":[71],"product_tag":[],"class_list":{"0":"post-9475","1":"product","2":"type-product","3":"status-publish","4":"has-post-thumbnail","6":"product_cat-libros","8":"first","9":"instock","10":"shipping-taxable","11":"purchasable","12":"product-type-simple"},"_links":{"self":[{"href":"https:\/\/www.academiahistoriamilitar.cl\/academia\/wp-json\/wp\/v2\/product\/9475","targetHints":{"allow":["GET"]}}],"collection":[{"href":"https:\/\/www.academiahistoriamilitar.cl\/academia\/wp-json\/wp\/v2\/product"}],"about":[{"href":"https:\/\/www.academiahistoriamilitar.cl\/academia\/wp-json\/wp\/v2\/types\/product"}],"wp:featuredmedia":[{"embeddable":true,"href":"https:\/\/www.academiahistoriamilitar.cl\/academia\/wp-json\/wp\/v2\/media\/9476"}],"wp:attachment":[{"href":"https:\/\/www.academiahistoriamilitar.cl\/academia\/wp-json\/wp\/v2\/media?parent=9475"}],"wp:term":[{"taxonomy":"product_brand","embeddable":true,"href":"https:\/\/www.academiahistoriamilitar.cl\/academia\/wp-json\/wp\/v2\/product_brand?post=9475"},{"taxonomy":"product_cat","embeddable":true,"href":"https:\/\/www.academiahistoriamilitar.cl\/academia\/wp-json\/wp\/v2\/product_cat?post=9475"},{"taxonomy":"product_tag","embeddable":true,"href":"https:\/\/www.academiahistoriamilitar.cl\/academia\/wp-json\/wp\/v2\/product_tag?post=9475"}],"curies":[{"name":"wp","href":"https:\/\/api.w.org\/{rel}","templated":true}]}}