{"id":9469,"date":"2024-08-20T18:37:44","date_gmt":"2024-08-20T18:37:44","guid":{"rendered":"https:\/\/www.academiahistoriamilitar.cl\/academia\/?post_type=product&#038;p=9469"},"modified":"2024-09-23T23:10:32","modified_gmt":"2024-09-23T23:10:32","slug":"ejercito-de-chile-un-recorrido-por-su-historia-edicion-de-coleccion","status":"publish","type":"product","link":"https:\/\/www.academiahistoriamilitar.cl\/academia\/producto\/ejercito-de-chile-un-recorrido-por-su-historia-edicion-de-coleccion\/","title":{"rendered":"Ej\u00e9rcito de Chile. Un Recorrido por su Historia (Edici\u00f3n de Colecci\u00f3n)"},"content":{"rendered":"<p><strong>Editor:<\/strong> Academia de Historia Militar.<br \/>\n<strong>Formato:<\/strong> Libro ilustrado de lujo, Tapa dura de g\u00e9nero<br \/>\n<strong>384 p\u00e1ginas<\/strong><\/p>\n<p>La Academia de Historia Militar presenta esta edici\u00f3n de colecci\u00f3n de la obra \u201cEj\u00e9rcito de Chile. Un recorrido por su historia\u201d.<\/p>\n<p>Se trata de una publicaci\u00f3n profusamente ilustrada y de edici\u00f3n limitada, que recorre la historia del Ej\u00e9rcito en un arco de m\u00e1s de cuatrocientos a\u00f1os de trayectoria institucional. Esta obra examina tanto a los grandes personajes de nuestra historia militar, nuestras m\u00e1s importantes campa\u00f1as militares, la evoluci\u00f3n org\u00e1nica que ha tenido el Ej\u00e9rcito chileno por m\u00e1s de cuatro siglos, sus uniformes, su armamento, y muy especialmente sus tradiciones que le dan una identidad propia.<\/p>\n","protected":false},"excerpt":{"rendered":"<p>Editor: Academia de Historia Militar. Formato: Libro ilustrado de lujo, Tapa dura de<span class=\"excerpt-hellip\"> [\u2026]<\/span><\/p>\n","protected":false},"featured_media":9557,"template":"","meta":[],"product_brand":[],"product_cat":[71],"product_tag":[],"class_list":{"0":"post-9469","1":"product","2":"type-product","3":"status-publish","4":"has-post-thumbnail","6":"product_cat-libros","8":"first","9":"instock","10":"shipping-taxable","11":"purchasable","12":"product-type-simple"},"_links":{"self":[{"href":"https:\/\/www.academiahistoriamilitar.cl\/academia\/wp-json\/wp\/v2\/product\/9469","targetHints":{"allow":["GET"]}}],"collection":[{"href":"https:\/\/www.academiahistoriamilitar.cl\/academia\/wp-json\/wp\/v2\/product"}],"about":[{"href":"https:\/\/www.academiahistoriamilitar.cl\/academia\/wp-json\/wp\/v2\/types\/product"}],"wp:featuredmedia":[{"embeddable":true,"href":"https:\/\/www.academiahistoriamilitar.cl\/academia\/wp-json\/wp\/v2\/media\/9557"}],"wp:attachment":[{"href":"https:\/\/www.academiahistoriamilitar.cl\/academia\/wp-json\/wp\/v2\/media?parent=9469"}],"wp:term":[{"taxonomy":"product_brand","embeddable":true,"href":"https:\/\/www.academiahistoriamilitar.cl\/academia\/wp-json\/wp\/v2\/product_brand?post=9469"},{"taxonomy":"product_cat","embeddable":true,"href":"https:\/\/www.academiahistoriamilitar.cl\/academia\/wp-json\/wp\/v2\/product_cat?post=9469"},{"taxonomy":"product_tag","embeddable":true,"href":"https:\/\/www.academiahistoriamilitar.cl\/academia\/wp-json\/wp\/v2\/product_tag?post=9469"}],"curies":[{"name":"wp","href":"https:\/\/api.w.org\/{rel}","templated":true}]}}