{"id":9466,"date":"2024-08-20T18:35:17","date_gmt":"2024-08-20T18:35:17","guid":{"rendered":"https:\/\/www.academiahistoriamilitar.cl\/academia\/?post_type=product&#038;p=9466"},"modified":"2026-03-16T15:36:23","modified_gmt":"2026-03-16T15:36:23","slug":"1973-la-causa-de-una-decision","status":"publish","type":"product","link":"https:\/\/www.academiahistoriamilitar.cl\/academia\/producto\/1973-la-causa-de-una-decision\/","title":{"rendered":"1973, La Causa de una Decisi\u00f3n"},"content":{"rendered":"<p><strong>Autor:<\/strong> Marcos L\u00f3pez Ardiles.<br \/>\n<strong>Formato:<\/strong> Cuadernillo, Tapa blanda<br \/>\n<strong>287 p\u00e1ginas<\/strong><\/p>\n<p>El a\u00f1o 2023 estuvo marcado por la conmemoraci\u00f3n de los cincuenta a\u00f1os del golpe de Estado de 1973. En los \u00faltimos meses se han publicado varios libros sobre el tema; pero, para completar el recuerdo de ese aniversario, hac\u00eda falta una mirada militar.<\/p>\n<p>\u00bfCu\u00e1les fueron las causas que impulsaron a los altos mandos militares a tomar la decisi\u00f3n de derrocar al presidente Allende? Es lo que nos ilustra el autor de la obra con un relato \u00e1gil y desde la perspectiva del mundo militar.<\/p>\n<p>A diferencia de los frecuentes golpes militares que ocurr\u00edan en la regi\u00f3n americana, los chilenos nos ufan\u00e1bamos de casi cuarenta a\u00f1os de ininterrumpida estabilidad institucional. Para entender por qu\u00e9 se produjo el quiebre de una democracia fracturada, el libro nos lleva a revisar la relaci\u00f3n pol\u00edtico-militar en nuestro criollo siglo veinte y al impacto de la Revoluci\u00f3n Cubana en Am\u00e9rica Latina.<\/p>\n","protected":false},"excerpt":{"rendered":"<p>Autor: Marcos L\u00f3pez Ardiles. Formato: Cuadernillo, Tapa blanda 287 p\u00e1ginas El a\u00f1o 2023<span class=\"excerpt-hellip\"> [\u2026]<\/span><\/p>\n","protected":false},"featured_media":9556,"template":"","meta":[],"product_brand":[],"product_cat":[71],"product_tag":[],"class_list":{"0":"post-9466","1":"product","2":"type-product","3":"status-publish","4":"has-post-thumbnail","6":"product_cat-libros","8":"first","9":"outofstock","10":"shipping-taxable","11":"purchasable","12":"product-type-simple"},"_links":{"self":[{"href":"https:\/\/www.academiahistoriamilitar.cl\/academia\/wp-json\/wp\/v2\/product\/9466","targetHints":{"allow":["GET"]}}],"collection":[{"href":"https:\/\/www.academiahistoriamilitar.cl\/academia\/wp-json\/wp\/v2\/product"}],"about":[{"href":"https:\/\/www.academiahistoriamilitar.cl\/academia\/wp-json\/wp\/v2\/types\/product"}],"wp:featuredmedia":[{"embeddable":true,"href":"https:\/\/www.academiahistoriamilitar.cl\/academia\/wp-json\/wp\/v2\/media\/9556"}],"wp:attachment":[{"href":"https:\/\/www.academiahistoriamilitar.cl\/academia\/wp-json\/wp\/v2\/media?parent=9466"}],"wp:term":[{"taxonomy":"product_brand","embeddable":true,"href":"https:\/\/www.academiahistoriamilitar.cl\/academia\/wp-json\/wp\/v2\/product_brand?post=9466"},{"taxonomy":"product_cat","embeddable":true,"href":"https:\/\/www.academiahistoriamilitar.cl\/academia\/wp-json\/wp\/v2\/product_cat?post=9466"},{"taxonomy":"product_tag","embeddable":true,"href":"https:\/\/www.academiahistoriamilitar.cl\/academia\/wp-json\/wp\/v2\/product_tag?post=9466"}],"curies":[{"name":"wp","href":"https:\/\/api.w.org\/{rel}","templated":true}]}}