{"id":9458,"date":"2024-08-20T20:25:29","date_gmt":"2024-08-20T20:25:29","guid":{"rendered":"https:\/\/www.academiahistoriamilitar.cl\/academia\/?post_type=product&#038;p=9458"},"modified":"2024-09-23T21:58:13","modified_gmt":"2024-09-23T21:58:13","slug":"los-ponchos-a-la-cintura","status":"publish","type":"product","link":"https:\/\/www.academiahistoriamilitar.cl\/academia\/producto\/los-ponchos-a-la-cintura\/","title":{"rendered":"Los Ponchos a la Cintura"},"content":{"rendered":"<p><strong>Autor:<\/strong> Rafael Gonz\u00e1lez Amaral.<br \/>\n<strong>Formato:<\/strong> Libro, Tapa blanda<br \/>\n<strong>325 p\u00e1ginas<\/strong><\/p>\n<p>Novela hist\u00f3rica ambientada en la Guerra del Pacifico, que relata las aventuras de dos j\u00f3venes oficiales de caballer\u00eda del ej\u00e9rcito chileno. Se trata de una obra contrafactual, que expone una trama basada en qu\u00e9 otro derrotero pudo haber tenido el devenir de esta guerra y de quienes tomaron parte en ella.<\/p>\n","protected":false},"excerpt":{"rendered":"<p>Autor: Rafael Gonz\u00e1lez Amaral. Formato: Libro, Tapa blanda 325 p\u00e1ginas Novela hist\u00f3rica ambientada<span class=\"excerpt-hellip\"> [\u2026]<\/span><\/p>\n","protected":false},"featured_media":9534,"template":"","meta":[],"product_brand":[],"product_cat":[71],"product_tag":[],"class_list":{"0":"post-9458","1":"product","2":"type-product","3":"status-publish","4":"has-post-thumbnail","6":"product_cat-libros","8":"first","9":"instock","10":"shipping-taxable","11":"purchasable","12":"product-type-simple"},"_links":{"self":[{"href":"https:\/\/www.academiahistoriamilitar.cl\/academia\/wp-json\/wp\/v2\/product\/9458","targetHints":{"allow":["GET"]}}],"collection":[{"href":"https:\/\/www.academiahistoriamilitar.cl\/academia\/wp-json\/wp\/v2\/product"}],"about":[{"href":"https:\/\/www.academiahistoriamilitar.cl\/academia\/wp-json\/wp\/v2\/types\/product"}],"wp:featuredmedia":[{"embeddable":true,"href":"https:\/\/www.academiahistoriamilitar.cl\/academia\/wp-json\/wp\/v2\/media\/9534"}],"wp:attachment":[{"href":"https:\/\/www.academiahistoriamilitar.cl\/academia\/wp-json\/wp\/v2\/media?parent=9458"}],"wp:term":[{"taxonomy":"product_brand","embeddable":true,"href":"https:\/\/www.academiahistoriamilitar.cl\/academia\/wp-json\/wp\/v2\/product_brand?post=9458"},{"taxonomy":"product_cat","embeddable":true,"href":"https:\/\/www.academiahistoriamilitar.cl\/academia\/wp-json\/wp\/v2\/product_cat?post=9458"},{"taxonomy":"product_tag","embeddable":true,"href":"https:\/\/www.academiahistoriamilitar.cl\/academia\/wp-json\/wp\/v2\/product_tag?post=9458"}],"curies":[{"name":"wp","href":"https:\/\/api.w.org\/{rel}","templated":true}]}}