{"id":9454,"date":"2024-08-20T18:12:14","date_gmt":"2024-08-20T18:12:14","guid":{"rendered":"https:\/\/www.academiahistoriamilitar.cl\/academia\/?post_type=product&#038;p=9454"},"modified":"2026-04-29T19:45:11","modified_gmt":"2026-04-29T19:45:11","slug":"los-inmortales-del-morro-de-arica","status":"publish","type":"product","link":"https:\/\/www.academiahistoriamilitar.cl\/academia\/producto\/los-inmortales-del-morro-de-arica\/","title":{"rendered":"Los Inmortales del Morro de Arica"},"content":{"rendered":"<p><strong>Autor:<\/strong> Rodrigo Ugalde Prieto.<br \/>\n<strong>Formato:<\/strong> Libro, Tapa blanda<br \/>\n<strong>402 p\u00e1ginas<\/strong><\/p>\n<p>Arica fue el escenario de una emblem\u00e1tica batalla que es recordada con pasi\u00f3n por chilenos y peruanos. La batalla de Arica \u2014llamada tambi\u00e9n el Asalto y Toma del Morro de Arica\u2014 ha sido relatada por numerosos historiadores de ambas nacionalidades, quienes coinciden en los aspectos generales, pero que dan sus particulares versiones sobre los detalles de ese hecho de armas.<\/p>\n<p>\u00bfQu\u00e9 encontrar\u00e1 el lector en este libro? Encontrar\u00e1 una investigaci\u00f3n acuciosa del abogado Rodrigo Ugalde Prieto, en la que realiza esfuerzos por acercarse a la verdad de los hechos ocurridos tanto en la v\u00edspera, como durante aquel d\u00eda 7 de junio de 1880, la fecha de la batalla. El investigador revisa con prolijidad las versiones dis\u00edmiles de los autores \u2014a veces muy divergentes\u2014 y las contrasta con rigurosidad. Busca y compara cifras y hechos, que comprueba o rectifica con documentos de la \u00e9poca. A veces derriba mitos y otras veces corrige errores; o tambi\u00e9n resalta episodios y conductas.<\/p>\n<p>Pero, m\u00e1s all\u00e1 de ello, lo m\u00e1s valioso de esta investigaci\u00f3n son los aportes que hace al describir hechos poco conocidos u olvidados.<\/p>\n","protected":false},"excerpt":{"rendered":"<p>Autor: Rodrigo Ugalde Prieto. Formato: Libro, Tapa blanda 402 p\u00e1ginas Arica fue el<span class=\"excerpt-hellip\"> [\u2026]<\/span><\/p>\n","protected":false},"featured_media":9563,"template":"","meta":[],"product_brand":[],"product_cat":[71],"product_tag":[],"class_list":{"0":"post-9454","1":"product","2":"type-product","3":"status-publish","4":"has-post-thumbnail","6":"product_cat-libros","8":"first","9":"outofstock","10":"shipping-taxable","11":"purchasable","12":"product-type-simple"},"_links":{"self":[{"href":"https:\/\/www.academiahistoriamilitar.cl\/academia\/wp-json\/wp\/v2\/product\/9454","targetHints":{"allow":["GET"]}}],"collection":[{"href":"https:\/\/www.academiahistoriamilitar.cl\/academia\/wp-json\/wp\/v2\/product"}],"about":[{"href":"https:\/\/www.academiahistoriamilitar.cl\/academia\/wp-json\/wp\/v2\/types\/product"}],"wp:featuredmedia":[{"embeddable":true,"href":"https:\/\/www.academiahistoriamilitar.cl\/academia\/wp-json\/wp\/v2\/media\/9563"}],"wp:attachment":[{"href":"https:\/\/www.academiahistoriamilitar.cl\/academia\/wp-json\/wp\/v2\/media?parent=9454"}],"wp:term":[{"taxonomy":"product_brand","embeddable":true,"href":"https:\/\/www.academiahistoriamilitar.cl\/academia\/wp-json\/wp\/v2\/product_brand?post=9454"},{"taxonomy":"product_cat","embeddable":true,"href":"https:\/\/www.academiahistoriamilitar.cl\/academia\/wp-json\/wp\/v2\/product_cat?post=9454"},{"taxonomy":"product_tag","embeddable":true,"href":"https:\/\/www.academiahistoriamilitar.cl\/academia\/wp-json\/wp\/v2\/product_tag?post=9454"}],"curies":[{"name":"wp","href":"https:\/\/api.w.org\/{rel}","templated":true}]}}