{"id":9449,"date":"2024-08-20T18:03:10","date_gmt":"2024-08-20T18:03:10","guid":{"rendered":"https:\/\/www.academiahistoriamilitar.cl\/academia\/?post_type=product&#038;p=9449"},"modified":"2026-03-11T13:02:47","modified_gmt":"2026-03-11T13:02:47","slug":"ejercito-de-chile-un-recorrido-por-su-historia","status":"publish","type":"product","link":"https:\/\/www.academiahistoriamilitar.cl\/academia\/producto\/ejercito-de-chile-un-recorrido-por-su-historia\/","title":{"rendered":"Ej\u00e9rcito de Chile un Recorrido por su Historia (Versi\u00f3n R\u00fastica)"},"content":{"rendered":"<p><strong>Autor:<\/strong> Academia de Historia Militar<br \/>\n<strong>Formato:<\/strong> Libro, Tapa blanda<br \/>\n<strong>295 p\u00e1ginas<\/strong><\/p>\n<p>Este libro es un breve recorrido por las diferentes \u00e9pocas hist\u00f3ricas del Ej\u00e9rcito de Chile, destacando la contribuci\u00f3n que permanentemente, desde sus or\u00edgenes, ha hecho a la seguridad y desarrollo del pa\u00eds.<\/p>\n<p>En sus p\u00e1ginas se refleja la sincron\u00eda que ha existido en el devenir hist\u00f3rico de Chile y de su Ej\u00e9rcito. Es as\u00ed, como los invitamos a revisar sus tempranos or\u00edgenes hisp\u00e1nicos, a conocer su desarrollo republicano, su participaci\u00f3n en la defensa de los intereses nacionales m\u00e1s all\u00e1 de sus fronteras durante el siglo XIX, e interiorizarse de su temprano proceso de profesionalizaci\u00f3n a inicios del siglo XX, valorando los aportes que, tanto en los per\u00edodos de paz, de crisis internacionales y emergencias nacionales, ha hecho por la defensa nacional.<\/p>\n<p>A la vez, esta obra no elude el rol que el Ej\u00e9rcito ha cumplido en los dif\u00edciles episodios \u2014en los que la divisi\u00f3n y la intolerancia han dominado la vida pol\u00edtica y social\u2014 de la historia de Chile. Como se ver\u00e1, el Ej\u00e9rcito, a lo largo de su devenir, m\u00e1s all\u00e1 de ser activo protagonista de las glorias nacionales, no ha estado ajeno a los dolores y fracasos de nuestra sociedad; y, en muchos de estos hechos, ha sido un actor central.<\/p>\n","protected":false},"excerpt":{"rendered":"<p>Autor: Academia de Historia Militar Formato: Libro, Tapa blanda 295 p\u00e1ginas Este libro<span class=\"excerpt-hellip\"> [\u2026]<\/span><\/p>\n","protected":false},"featured_media":9566,"template":"","meta":[],"product_brand":[],"product_cat":[71],"product_tag":[],"class_list":{"0":"post-9449","1":"product","2":"type-product","3":"status-publish","4":"has-post-thumbnail","6":"product_cat-libros","8":"first","9":"instock","10":"shipping-taxable","11":"purchasable","12":"product-type-simple"},"_links":{"self":[{"href":"https:\/\/www.academiahistoriamilitar.cl\/academia\/wp-json\/wp\/v2\/product\/9449","targetHints":{"allow":["GET"]}}],"collection":[{"href":"https:\/\/www.academiahistoriamilitar.cl\/academia\/wp-json\/wp\/v2\/product"}],"about":[{"href":"https:\/\/www.academiahistoriamilitar.cl\/academia\/wp-json\/wp\/v2\/types\/product"}],"wp:featuredmedia":[{"embeddable":true,"href":"https:\/\/www.academiahistoriamilitar.cl\/academia\/wp-json\/wp\/v2\/media\/9566"}],"wp:attachment":[{"href":"https:\/\/www.academiahistoriamilitar.cl\/academia\/wp-json\/wp\/v2\/media?parent=9449"}],"wp:term":[{"taxonomy":"product_brand","embeddable":true,"href":"https:\/\/www.academiahistoriamilitar.cl\/academia\/wp-json\/wp\/v2\/product_brand?post=9449"},{"taxonomy":"product_cat","embeddable":true,"href":"https:\/\/www.academiahistoriamilitar.cl\/academia\/wp-json\/wp\/v2\/product_cat?post=9449"},{"taxonomy":"product_tag","embeddable":true,"href":"https:\/\/www.academiahistoriamilitar.cl\/academia\/wp-json\/wp\/v2\/product_tag?post=9449"}],"curies":[{"name":"wp","href":"https:\/\/api.w.org\/{rel}","templated":true}]}}