{"id":9447,"date":"2024-08-20T17:59:37","date_gmt":"2024-08-20T17:59:37","guid":{"rendered":"https:\/\/www.academiahistoriamilitar.cl\/academia\/?post_type=product&#038;p=9447"},"modified":"2026-03-11T12:59:12","modified_gmt":"2026-03-11T12:59:12","slug":"historia-militar-de-chile-ilustrada","status":"publish","type":"product","link":"https:\/\/www.academiahistoriamilitar.cl\/academia\/producto\/historia-militar-de-chile-ilustrada\/","title":{"rendered":"Historia Militar de Chile Ilustrada"},"content":{"rendered":"<p><strong>Editor:<\/strong> Academia de Historia Militar.<br \/>\n<strong>Formato:<\/strong> Libro ilustrado, Tapa blanda<br \/>\n<strong>232 p\u00e1ginas<\/strong><\/p>\n<p>Esta obra did\u00e1ctica se presenta como una herramienta de estudio que ayuda a comprender el curso de las principales campa\u00f1as y batallas de la historia militar de Chile, y el contexto pol\u00edtico, econ\u00f3mico y social de las \u00e9pocas en las que se desarrollaron.<\/p>\n<p>Esta obra lleva a formarse una idea del entorno de cada acci\u00f3n militar, la estrategia y profundidad de cada combate y batalla, ubic\u00e1ndolo en el tiempo y la geograf\u00eda, conociendo sus despliegues y sus armas; y, a trav\u00e9s de sus pinturas, esquicios e ilustraciones, ayudan a comprender en forma gr\u00e1fica la historia militar de nuestro pa\u00eds.<\/p>\n","protected":false},"excerpt":{"rendered":"<p>Editor: Academia de Historia Militar. Formato: Libro ilustrado, Tapa blanda 232 p\u00e1ginas Esta<span class=\"excerpt-hellip\"> [\u2026]<\/span><\/p>\n","protected":false},"featured_media":9567,"template":"","meta":[],"product_brand":[],"product_cat":[71],"product_tag":[],"class_list":{"0":"post-9447","1":"product","2":"type-product","3":"status-publish","4":"has-post-thumbnail","6":"product_cat-libros","8":"first","9":"instock","10":"shipping-taxable","11":"purchasable","12":"product-type-simple"},"_links":{"self":[{"href":"https:\/\/www.academiahistoriamilitar.cl\/academia\/wp-json\/wp\/v2\/product\/9447","targetHints":{"allow":["GET"]}}],"collection":[{"href":"https:\/\/www.academiahistoriamilitar.cl\/academia\/wp-json\/wp\/v2\/product"}],"about":[{"href":"https:\/\/www.academiahistoriamilitar.cl\/academia\/wp-json\/wp\/v2\/types\/product"}],"wp:featuredmedia":[{"embeddable":true,"href":"https:\/\/www.academiahistoriamilitar.cl\/academia\/wp-json\/wp\/v2\/media\/9567"}],"wp:attachment":[{"href":"https:\/\/www.academiahistoriamilitar.cl\/academia\/wp-json\/wp\/v2\/media?parent=9447"}],"wp:term":[{"taxonomy":"product_brand","embeddable":true,"href":"https:\/\/www.academiahistoriamilitar.cl\/academia\/wp-json\/wp\/v2\/product_brand?post=9447"},{"taxonomy":"product_cat","embeddable":true,"href":"https:\/\/www.academiahistoriamilitar.cl\/academia\/wp-json\/wp\/v2\/product_cat?post=9447"},{"taxonomy":"product_tag","embeddable":true,"href":"https:\/\/www.academiahistoriamilitar.cl\/academia\/wp-json\/wp\/v2\/product_tag?post=9447"}],"curies":[{"name":"wp","href":"https:\/\/api.w.org\/{rel}","templated":true}]}}