{"id":10037,"date":"2025-12-17T19:56:16","date_gmt":"2025-12-17T19:56:16","guid":{"rendered":"https:\/\/www.academiahistoriamilitar.cl\/academia\/?post_type=product&#038;p=10037"},"modified":"2026-04-29T19:50:21","modified_gmt":"2026-04-29T19:50:21","slug":"pedro-lagos-de-cabo-a-general","status":"publish","type":"product","link":"https:\/\/www.academiahistoriamilitar.cl\/academia\/producto\/pedro-lagos-de-cabo-a-general\/","title":{"rendered":"Pedro LAGOS. DE CABO A GENERAL"},"content":{"rendered":"<p>El general Pedro Lagos encarn\u00f3 al arquetipo del soldado chileno del siglo XIX. Proveniente de una familia de agricultores de provincia, su vida militar fue expresi\u00f3n de m\u00e9rito, virtud y patriotismo- ingres\u00f3 a la Secci\u00f3n de Cabos de la Escuela Militar y finaliz\u00f3 su carrera con el grado de general de brigada-Sobrio, austero y exigente, se form\u00f3 en los campos de batallas de las rebeliones contra el gobierno del presidente Manuel Montt, de 1851 y de 1859; en las campa\u00f1as de incorporaci\u00f3n de la Araucan\u00eda y en la Guerra del Pac\u00edfico, en la cual la conducci\u00f3n militar de las fuerzas bajo su mando, en las batallas de Arica, Chorrillos y Miraflores, lo elev\u00f3 al pante\u00f3n de los grandes l\u00edderes militares que ha tenido nuestro pa\u00eds.<\/p>\n","protected":false},"excerpt":{"rendered":"<p>El general Pedro Lagos encarn\u00f3 al arquetipo del soldado chileno del siglo XIX.<span class=\"excerpt-hellip\"> [\u2026]<\/span><\/p>\n","protected":false},"featured_media":10039,"template":"","meta":[],"product_brand":[],"product_cat":[],"product_tag":[],"class_list":{"0":"post-10037","1":"product","2":"type-product","3":"status-publish","4":"has-post-thumbnail","7":"first","8":"instock","9":"virtual","10":"purchasable","11":"product-type-simple"},"_links":{"self":[{"href":"https:\/\/www.academiahistoriamilitar.cl\/academia\/wp-json\/wp\/v2\/product\/10037","targetHints":{"allow":["GET"]}}],"collection":[{"href":"https:\/\/www.academiahistoriamilitar.cl\/academia\/wp-json\/wp\/v2\/product"}],"about":[{"href":"https:\/\/www.academiahistoriamilitar.cl\/academia\/wp-json\/wp\/v2\/types\/product"}],"wp:featuredmedia":[{"embeddable":true,"href":"https:\/\/www.academiahistoriamilitar.cl\/academia\/wp-json\/wp\/v2\/media\/10039"}],"wp:attachment":[{"href":"https:\/\/www.academiahistoriamilitar.cl\/academia\/wp-json\/wp\/v2\/media?parent=10037"}],"wp:term":[{"taxonomy":"product_brand","embeddable":true,"href":"https:\/\/www.academiahistoriamilitar.cl\/academia\/wp-json\/wp\/v2\/product_brand?post=10037"},{"taxonomy":"product_cat","embeddable":true,"href":"https:\/\/www.academiahistoriamilitar.cl\/academia\/wp-json\/wp\/v2\/product_cat?post=10037"},{"taxonomy":"product_tag","embeddable":true,"href":"https:\/\/www.academiahistoriamilitar.cl\/academia\/wp-json\/wp\/v2\/product_tag?post=10037"}],"curies":[{"name":"wp","href":"https:\/\/api.w.org\/{rel}","templated":true}]}}